{"id":52,"date":"2026-04-19T11:12:18","date_gmt":"2026-04-19T11:12:18","guid":{"rendered":"https:\/\/globaltobaccofactory.com\/es\/?page_id=52"},"modified":"2026-04-19T11:12:49","modified_gmt":"2026-04-19T11:12:49","slug":"sobre-nosotras","status":"publish","type":"page","link":"https:\/\/globaltobaccofactory.com\/es\/sobre-nosotras\/","title":{"rendered":"SOBRE NOSOTRAS"},"content":{"rendered":"<p>[et_pb_section fb_built=&#8221;1&#8243; fullwidth=&#8221;on&#8221; admin_label=&#8221;Hero Section&#8221; _builder_version=&#8221;4.16&#8243; locked=&#8221;off&#8221; global_colors_info=&#8221;{}&#8221; theme_builder_area=&#8221;post_content&#8221;][et_pb_fullwidth_header title=&#8221;SOBRE NOSOTRAS&#8221; text_orientation=&#8221;center&#8221; background_overlay_color=&#8221;rgba(0,0,0,0.5)&#8221; title_font_color=&#8221;#ffffff&#8221; subhead_font_color=&#8221;#ffffff&#8221; _builder_version=&#8221;4.16&#8243; title_level=&#8221;h2&#8243; title_text_color=&#8221;#ffffff&#8221; title_font_size=&#8221;48px&#8221; content_font=&#8221;||||||||&#8221; subhead_font=&#8221;Open Sans||||||||&#8221; subhead_text_color=&#8221;#ffffff&#8221; subhead_font_size=&#8221;24px&#8221; subhead_line_height=&#8221;1.6em&#8221; background_color=&#8221;rgba(255, 255, 255, 0)&#8221; background_image=&#8221;https:\/\/globaltobaccofactory.com\/es\/wp-content\/uploads\/2026\/04\/Slide-06-1.jpg&#8221; background_position=&#8221;top_center&#8221; custom_button_one=&#8221;on&#8221; button_one_text_size=&#8221;14px&#8221; button_one_text_color=&#8221;#ffffff&#8221; button_one_bg_color=&#8221;#0099e5&#8243; button_one_border_width=&#8221;12px&#8221; button_one_border_color=&#8221;#0099e5&#8243; button_one_border_radius=&#8221;0px&#8221; button_one_letter_spacing=&#8221;2px&#8221; button_one_font=&#8221;Nunito|700||on|||||&#8221; button_one_use_icon=&#8221;off&#8221; background_layout=&#8221;light&#8221; custom_margin=&#8221;|||&#8221; custom_padding=&#8221;4%||4%||true|false&#8221; animation_style=&#8221;fade&#8221; title_font_size_tablet=&#8221;&#8221; title_font_size_phone=&#8221;25px&#8221; title_font_size_last_edited=&#8221;on|phone&#8221; subhead_font_size_tablet=&#8221;&#8221; subhead_font_size_phone=&#8221;&#8221; subhead_font_size_last_edited=&#8221;on|phone&#8221; button_one_text_color_hover=&#8221;#ffffff&#8221; button_one_border_color_hover=&#8221;#0099e5&#8243; button_one_border_radius_hover=&#8221;0px&#8221; button_one_letter_spacing_hover=&#8221;2px&#8221; button_one_bg_color_hover=&#8221;#0099e5&#8243; global_colors_info=&#8221;{}&#8221; button_one_text_size__hover_enabled=&#8221;off&#8221; button_two_text_size__hover_enabled=&#8221;off&#8221; button_one_text_color__hover_enabled=&#8221;on&#8221; button_one_text_color__hover=&#8221;#ffffff&#8221; button_two_text_color__hover_enabled=&#8221;off&#8221; button_one_border_width__hover_enabled=&#8221;off&#8221; button_two_border_width__hover_enabled=&#8221;off&#8221; button_one_border_color__hover_enabled=&#8221;on&#8221; button_one_border_color__hover=&#8221;#0099e5&#8243; button_two_border_color__hover_enabled=&#8221;off&#8221; button_one_border_radius__hover_enabled=&#8221;on&#8221; button_one_border_radius__hover=&#8221;0px&#8221; button_two_border_radius__hover_enabled=&#8221;off&#8221; button_one_letter_spacing__hover_enabled=&#8221;on&#8221; button_one_letter_spacing__hover=&#8221;2px&#8221; button_two_letter_spacing__hover_enabled=&#8221;off&#8221; button_one_bg_color__hover_enabled=&#8221;on&#8221; button_one_bg_color__hover=&#8221;#0099e5&#8243; button_two_bg_color__hover_enabled=&#8221;off&#8221; theme_builder_area=&#8221;post_content&#8221;][\/et_pb_fullwidth_header][\/et_pb_section][et_pb_section fb_built=&#8221;1&#8243; _builder_version=&#8221;4.16&#8243; _module_preset=&#8221;default&#8221; global_colors_info=&#8221;{}&#8221; theme_builder_area=&#8221;post_content&#8221;][et_pb_row column_structure=&#8221;2_5,3_5&#8243; _builder_version=&#8221;4.16&#8243; _module_preset=&#8221;default&#8221; global_colors_info=&#8221;{}&#8221; theme_builder_area=&#8221;post_content&#8221;][et_pb_column type=&#8221;2_5&#8243; _builder_version=&#8221;4.16&#8243; _module_preset=&#8221;default&#8221; global_colors_info=&#8221;{}&#8221; theme_builder_area=&#8221;post_content&#8221;][et_pb_image src=&#8221;https:\/\/globaltobaccofactory.com\/es\/wp-content\/uploads\/2026\/04\/Profile.jpg&#8221; title_text=&#8221;Profile&#8221; align=&#8221;center&#8221; _builder_version=&#8221;4.16&#8243; _module_preset=&#8221;default&#8221; max_width=&#8221;66%&#8221; animation_style=&#8221;flip&#8221; animation_direction=&#8221;left&#8221; border_radii=&#8221;on|333px|333px|333px|333px&#8221; border_width_all=&#8221;3px&#8221; border_color_all=&#8221;#B78F4F&#8221; global_colors_info=&#8221;{}&#8221; theme_builder_area=&#8221;post_content&#8221;][\/et_pb_image][\/et_pb_column][et_pb_column type=&#8221;3_5&#8243; _builder_version=&#8221;4.16&#8243; _module_preset=&#8221;default&#8221; global_colors_info=&#8221;{}&#8221; theme_builder_area=&#8221;post_content&#8221;][et_pb_text _builder_version=&#8221;4.16&#8243; _module_preset=&#8221;default&#8221; header_2_font=&#8221;|600||on|||||&#8221; header_2_text_color=&#8221;#484747&#8243; header_2_letter_spacing=&#8221;2px&#8221; header_4_font=&#8221;|||on|||||&#8221; header_4_text_align=&#8221;center&#8221; header_4_font_size=&#8221;22px&#8221; custom_margin=&#8221;||10px||false|false&#8221; global_colors_info=&#8221;{}&#8221; theme_builder_area=&#8221;post_content&#8221;]<\/p>\n<h2><strong>Un Mensaje del Fundador<\/strong><\/h2>\n<p>[\/et_pb_text][et_pb_divider color=&#8221;#c9b06f&#8221; divider_weight=&#8221;3px&#8221; _builder_version=&#8221;4.16&#8243; _module_preset=&#8221;default&#8221; width=&#8221;460px&#8221; custom_margin=&#8221;||0px||false|false&#8221; animation_style=&#8221;fold&#8221; animation_direction=&#8221;left&#8221; global_colors_info=&#8221;{}&#8221; theme_builder_area=&#8221;post_content&#8221;][\/et_pb_divider][et_pb_text _builder_version=&#8221;4.16&#8243; _module_preset=&#8221;default&#8221; text_line_height=&#8221;1.4em&#8221; link_text_color=&#8221;#007329&#8243; link_font_size=&#8221;16px&#8221; header_4_font_size=&#8221;5px&#8221; custom_padding=&#8221;||2px|||&#8221; global_colors_info=&#8221;{}&#8221; theme_builder_area=&#8221;post_content&#8221;]<\/p>\n<p>El establecimiento de la f\u00e1brica Global de Tabaco se remonta a 2018, ubicado en Madrid, Espa\u00f1a. Fundada por una familia orientada a los negocios, que lidera la experiencia en muchos sectores diferentes, y que tiene una gran pasi\u00f3n y experiencia en la industria del tabaco de shisha.<\/p>\n<p>Los factores clave de la competencia de nuestra empresa radican en las habilidades del equipo y la certeza de \u00e9xito de nuestro fundador.<\/p>\n<p>Obtenemos nuestra ventaja competitiva mediante un equilibrio exitoso entre la calidad de la producci\u00f3n y los precios competitivos.<\/p>\n<p>Nuestra investigaci\u00f3n continua y nuestra amplia experiencia en la industria del tabaco de shisha nos permiten ofrecer productos de alta calidad a nuestros clientes a una estructura de costos competitiva.<\/p>\n<p>GTF cree en la importancia del capital de trabajo, que consideramos un aspecto crucial de nuestro \u00e9xito y una parte integral de lo que impulsa a nuestro equipo de m\u00faltiples or\u00edgenes y culturas para mejorar la calidad de nuestros productos.<\/p>\n<p>Agradecemos su confianza y le agradecemos su inter\u00e9s en hacer negocios con nosotros para producir tabaco y distribuirlo localmente y a nivel mundial.<\/p>\n<p>Estaremos encantados de ayudarle a a\u00f1adir un toque moderno y un dise\u00f1o prestigioso a su marca.<\/p>\n<p>Para obtener m\u00e1s informaci\u00f3n o asistencia, puede ponerse en contacto conmigo en mi correo electr\u00f3nico:<\/p>\n<p><a href=\"mailto:ceo@globaltobaccofactory.com\">ceo@globaltobaccofactory.com<\/a><\/p>\n<h4><span style=\"font-size: medium;\">Ahmed Al Yamani<\/span><\/h4>\n<p><span style=\"font-size: small; color: #000000;\">CEO and Founder<\/span><\/p>\n<p>[\/et_pb_text][\/et_pb_column][\/et_pb_row][\/et_pb_section][et_pb_section fb_built=&#8221;1&#8243; _builder_version=&#8221;4.16&#8243; _module_preset=&#8221;default&#8221; background_color=&#8221;#f0f0f0&#8243; global_colors_info=&#8221;{}&#8221; theme_builder_area=&#8221;post_content&#8221;][et_pb_row _builder_version=&#8221;4.16&#8243; _module_preset=&#8221;default&#8221; global_colors_info=&#8221;{}&#8221; theme_builder_area=&#8221;post_content&#8221;][et_pb_column type=&#8221;4_4&#8243; _builder_version=&#8221;4.16&#8243; _module_preset=&#8221;default&#8221; global_colors_info=&#8221;{}&#8221; theme_builder_area=&#8221;post_content&#8221;][et_pb_text _builder_version=&#8221;4.16&#8243; _module_preset=&#8221;default&#8221; header_2_font=&#8221;|600||on|||||&#8221; header_2_text_color=&#8221;#484747&#8243; header_2_letter_spacing=&#8221;2px&#8221; header_4_font=&#8221;|||on|||||&#8221; header_4_text_align=&#8221;center&#8221; header_4_font_size=&#8221;22px&#8221; custom_margin=&#8221;||10px||false|false&#8221; global_colors_info=&#8221;{}&#8221; theme_builder_area=&#8221;post_content&#8221;]<\/p>\n<h2>Quienes Somos<\/h2>\n<p>[\/et_pb_text][et_pb_divider divider_weight=&#8221;3px&#8221; _builder_version=&#8221;4.16&#8243; _module_preset=&#8221;default&#8221; width=&#8221;256px&#8221; custom_margin=&#8221;||0px||false|false&#8221; animation_style=&#8221;fold&#8221; animation_direction=&#8221;left&#8221; global_colors_info=&#8221;{}&#8221; theme_builder_area=&#8221;post_content&#8221;][\/et_pb_divider][et_pb_text _builder_version=&#8221;4.16&#8243; _module_preset=&#8221;default&#8221; text_line_height=&#8221;1.4em&#8221; global_colors_info=&#8221;{}&#8221; theme_builder_area=&#8221;post_content&#8221;]<\/p>\n<p>Global Tobacco Factory es una instalaci\u00f3n familiar ubicada en Madrid, Espa\u00f1a.<\/p>\n<p>La empresa fue establecida en 2018, sin embargo, los emprendimientos comerciales de la familia se remontan a 2004 cuando los hermanos fundadores incursionaron en el mundo empresarial y comenzaron a invertir en diversos sectores como el comercio mayorista y minorista, bienes, turismo y cotizaci\u00f3n en el mercado burs\u00e1til mundial.<\/p>\n<p>La familia decidi\u00f3 empezar a producir tabaco para cachimbas en Espa\u00f1a tras realizar un extenso estudio de mercado y recoger la necesidad del mercado de este tipo de producto.<\/p>\n<p>Posteriormente, la empresa obtuvo una licencia comercial completa que le permit\u00eda fabricar todo tipo de tabaco para shisha para narguiles, importar y exportar carb\u00f3n vegetal y comercializar accesorios para narguiles.<\/p>\n<p>Nuestra experiencia en m\u00faltiples sectores y nuestras inversiones a largo plazo en muchas industrias nos han permitido trabajar con flexibilidad en nuestros diversos proyectos y nos han permitido producir productos de marca privada para clientes que buscan un proceso de fabricaci\u00f3n sin complicaciones.<\/p>\n<p>Nuestro equipo experimentado est\u00e1 listo para ayudarlo a alcanzar los niveles m\u00e1s altos en su marca y ayudarlo a colocar su marca y nombre \u00fanicos en el mundo de narguiles. Todos estos procedimientos no solo ayudar\u00e1n a realizar un seguimiento de las demandas del mercado global, sino que tambi\u00e9n cumplir\u00e1n con los requisitos de los diferentes mercados de acuerdo con sus necesidades espec\u00edficas y los requisitos gubernamentales.<\/p>\n<p>Lo que m\u00e1s nos distingue es que creamos y producimos tabaco para narguile de alta calidad, dirigido por un equipo especializado, excepcionalmente talentoso, cada uno en sus respectivos campos, que est\u00e1n listos para ayudarlo a desarrollar su marca en tabaco y elevarla para superar tus expectativas.<\/p>\n<p>Si est\u00e1 considerando crear su marca privada e ingresar al mundo de la distribuci\u00f3n de tabaco shisha, pero no sabe d\u00f3nde y c\u00f3mo comenzar, todo lo que tiene que hacer es contactarnos y estaremos encantados de brindarle soluciones profesionales y planes estrat\u00e9gicos elaborados por nuestro equipo especializado para ayudarte a alcanzar tus objetivos.<\/p>\n<p>[\/et_pb_text][\/et_pb_column][\/et_pb_row][\/et_pb_section][et_pb_section fb_built=&#8221;1&#8243; _builder_version=&#8221;4.16&#8243; _module_preset=&#8221;default&#8221; min_height=&#8221;525.4px&#8221; global_colors_info=&#8221;{}&#8221; theme_builder_area=&#8221;post_content&#8221;][et_pb_row column_structure=&#8221;1_3,1_3,1_3&#8243; use_custom_gutter=&#8221;on&#8221; gutter_width=&#8221;2&#8243; make_equal=&#8221;on&#8221; _builder_version=&#8221;4.16&#8243; _module_preset=&#8221;default&#8221; width=&#8221;86%&#8221; max_width=&#8221;1200px&#8221; custom_padding=&#8221;||0px||false|false&#8221; animation_style=&#8221;flip&#8221; global_colors_info=&#8221;{}&#8221; theme_builder_area=&#8221;post_content&#8221;][et_pb_column type=&#8221;1_3&#8243; _builder_version=&#8221;4.16&#8243; _module_preset=&#8221;default&#8221; background_color=&#8221;#FFFFFF&#8221; custom_padding=&#8221;50px|20px|50px|20px|true|true&#8221; border_color_all=&#8221;#C9B06F&#8221; border_width_bottom=&#8221;10px&#8221; border_color_bottom=&#8221;#B78F4F&#8221; box_shadow_style=&#8221;preset2&#8243; box_shadow_horizontal=&#8221;2px&#8221; box_shadow_vertical=&#8221;2px&#8221; box_shadow_blur=&#8221;6px&#8221; global_colors_info=&#8221;{}&#8221; transform_styles__hover_enabled=&#8221;on|hover&#8221; transform_scale__hover=&#8221;104%|104%&#8221; transform_scale__hover_enabled=&#8221;on|hover&#8221; transform_translate__hover_enabled=&#8221;on|desktop&#8221; transform_rotate__hover_enabled=&#8221;on|desktop&#8221; transform_skew__hover_enabled=&#8221;on|desktop&#8221; transform_origin__hover_enabled=&#8221;on|desktop&#8221; theme_builder_area=&#8221;post_content&#8221;][et_pb_text _builder_version=&#8221;4.16&#8243; _module_preset=&#8221;default&#8221; header_2_font=&#8221;|600||on|||||&#8221; header_2_text_align=&#8221;center&#8221; header_2_text_color=&#8221;#484747&#8243; header_2_letter_spacing=&#8221;2px&#8221; header_4_font=&#8221;|||on|||||&#8221; header_4_text_align=&#8221;center&#8221; header_4_font_size=&#8221;22px&#8221; custom_margin=&#8221;||10px||false|false&#8221; global_colors_info=&#8221;{}&#8221; theme_builder_area=&#8221;post_content&#8221;]<\/p>\n<h2>Nuestra Visi\u00f3n<\/h2>\n<p>[\/et_pb_text][et_pb_divider color=&#8221;#B78F4F&#8221; divider_weight=&#8221;3px&#8221; _builder_version=&#8221;4.16&#8243; _module_preset=&#8221;default&#8221; width=&#8221;240px&#8221; module_alignment=&#8221;center&#8221; custom_margin=&#8221;||0px||false|false&#8221; animation_style=&#8221;fold&#8221; animation_direction=&#8221;left&#8221; global_colors_info=&#8221;{}&#8221; theme_builder_area=&#8221;post_content&#8221;][\/et_pb_divider][et_pb_text _builder_version=&#8221;4.16&#8243; _module_preset=&#8221;default&#8221; global_colors_info=&#8221;{}&#8221; theme_builder_area=&#8221;post_content&#8221;]<\/p>\n<p>Aspiramos a convertirnos en pioneros en el campo de la fabricaci\u00f3n y comercializaci\u00f3n de tabaco. Tambi\u00e9n nos esforzamos por continuar brindando excelentes productos con est\u00e1ndares excepcionales y por seguir introduciendo ideas innovadoras que contribuir\u00e1n al avance de la industria tabacalera para cumplir con todos los requisitos globales.<\/p>\n<p>[\/et_pb_text][\/et_pb_column][et_pb_column type=&#8221;1_3&#8243; _builder_version=&#8221;4.16&#8243; _module_preset=&#8221;default&#8221; background_color=&#8221;#FFFFFF&#8221; custom_padding=&#8221;50px|20px|50px|20px|true|true&#8221; border_color_all=&#8221;#C9B06F&#8221; border_width_bottom=&#8221;10px&#8221; border_color_bottom=&#8221;#B78F4F&#8221; box_shadow_style=&#8221;preset2&#8243; box_shadow_horizontal=&#8221;2px&#8221; box_shadow_vertical=&#8221;2px&#8221; box_shadow_blur=&#8221;6px&#8221; global_colors_info=&#8221;{}&#8221; transform_styles__hover_enabled=&#8221;on|hover&#8221; transform_scale__hover=&#8221;104%|104%&#8221; transform_scale__hover_enabled=&#8221;on|hover&#8221; transform_translate__hover_enabled=&#8221;on|desktop&#8221; transform_rotate__hover_enabled=&#8221;on|desktop&#8221; transform_skew__hover_enabled=&#8221;on|desktop&#8221; transform_origin__hover_enabled=&#8221;on|desktop&#8221; theme_builder_area=&#8221;post_content&#8221;][et_pb_text _builder_version=&#8221;4.16&#8243; _module_preset=&#8221;default&#8221; header_2_font=&#8221;|600||on|||||&#8221; header_2_text_align=&#8221;center&#8221; header_2_text_color=&#8221;#484747&#8243; header_2_letter_spacing=&#8221;2px&#8221; header_4_font=&#8221;|||on|||||&#8221; header_4_text_align=&#8221;center&#8221; header_4_font_size=&#8221;22px&#8221; custom_margin=&#8221;||10px||false|false&#8221; global_colors_info=&#8221;{}&#8221; theme_builder_area=&#8221;post_content&#8221;]<\/p>\n<h2>Nuestra Misi\u00f3n<\/h2>\n<p>[\/et_pb_text][et_pb_divider color=&#8221;#B78F4F&#8221; divider_weight=&#8221;3px&#8221; _builder_version=&#8221;4.16&#8243; _module_preset=&#8221;default&#8221; width=&#8221;240px&#8221; module_alignment=&#8221;center&#8221; custom_margin=&#8221;||0px||false|false&#8221; animation_style=&#8221;fold&#8221; animation_direction=&#8221;left&#8221; global_colors_info=&#8221;{}&#8221; theme_builder_area=&#8221;post_content&#8221;][\/et_pb_divider][et_pb_text _builder_version=&#8221;4.16&#8243; _module_preset=&#8221;default&#8221; global_colors_info=&#8221;{}&#8221; theme_builder_area=&#8221;post_content&#8221;]<\/p>\n<p>Nuestro trabajo se basa en estrategias y planes decisivos que nos ayuden a llegar a consumidores destacados ofreciendo sabores innovadores y de alta calidad.<\/p>\n<p>[\/et_pb_text][\/et_pb_column][et_pb_column type=&#8221;1_3&#8243; _builder_version=&#8221;4.16&#8243; _module_preset=&#8221;default&#8221; background_color=&#8221;#FFFFFF&#8221; custom_padding=&#8221;50px|20px|50px|20px|true|true&#8221; border_color_all=&#8221;#C9B06F&#8221; border_width_bottom=&#8221;10px&#8221; border_color_bottom=&#8221;#B78F4F&#8221; box_shadow_style=&#8221;preset2&#8243; box_shadow_horizontal=&#8221;2px&#8221; box_shadow_vertical=&#8221;2px&#8221; box_shadow_blur=&#8221;6px&#8221; global_colors_info=&#8221;{}&#8221; transform_styles__hover_enabled=&#8221;on|hover&#8221; transform_scale__hover=&#8221;104%|104%&#8221; transform_scale__hover_enabled=&#8221;on|hover&#8221; transform_translate__hover_enabled=&#8221;on|desktop&#8221; transform_rotate__hover_enabled=&#8221;on|desktop&#8221; transform_skew__hover_enabled=&#8221;on|desktop&#8221; transform_origin__hover_enabled=&#8221;on|desktop&#8221; theme_builder_area=&#8221;post_content&#8221;][et_pb_text _builder_version=&#8221;4.16&#8243; _module_preset=&#8221;default&#8221; header_2_font=&#8221;|600||on|||||&#8221; header_2_text_align=&#8221;center&#8221; header_2_text_color=&#8221;#484747&#8243; header_2_letter_spacing=&#8221;2px&#8221; header_4_font=&#8221;|||on|||||&#8221; header_4_text_align=&#8221;center&#8221; header_4_font_size=&#8221;22px&#8221; custom_margin=&#8221;||10px||false|false&#8221; global_colors_info=&#8221;{}&#8221; theme_builder_area=&#8221;post_content&#8221;]<\/p>\n<h2>Nuestros Valores<\/h2>\n<p>[\/et_pb_text][et_pb_divider color=&#8221;#B78F4F&#8221; divider_weight=&#8221;3px&#8221; _builder_version=&#8221;4.16&#8243; _module_preset=&#8221;default&#8221; width=&#8221;280px&#8221; module_alignment=&#8221;center&#8221; custom_margin=&#8221;||0px||false|false&#8221; animation_style=&#8221;fold&#8221; animation_direction=&#8221;left&#8221; global_colors_info=&#8221;{}&#8221; theme_builder_area=&#8221;post_content&#8221;][\/et_pb_divider][et_pb_text _builder_version=&#8221;4.16&#8243; _module_preset=&#8221;default&#8221; global_colors_info=&#8221;{}&#8221; theme_builder_area=&#8221;post_content&#8221;]<\/p>\n<p>Estamos comprometidos con los principios de integridad y con los est\u00e1ndares de credibilidad en la comunicaci\u00f3n con nuestros clientes.<\/p>\n<p>[\/et_pb_text][\/et_pb_column][\/et_pb_row][\/et_pb_section][et_pb_section fb_built=&#8221;1&#8243; _builder_version=&#8221;4.16&#8243; _module_preset=&#8221;default&#8221; background_color=&#8221;#f0f0f0&#8243; background_image=&#8221;https:\/\/globaltobaccofactory.com\/es\/wp-content\/uploads\/2026\/04\/Slide-05-copy.jpg&#8221; min_height=&#8221;382.2px&#8221; global_colors_info=&#8221;{}&#8221; theme_builder_area=&#8221;post_content&#8221;][et_pb_row _builder_version=&#8221;4.16&#8243; _module_preset=&#8221;default&#8221; width=&#8221;50.5%&#8221; global_colors_info=&#8221;{}&#8221; theme_builder_area=&#8221;post_content&#8221;][et_pb_column type=&#8221;4_4&#8243; _builder_version=&#8221;4.16&#8243; _module_preset=&#8221;default&#8221; global_colors_info=&#8221;{}&#8221; theme_builder_area=&#8221;post_content&#8221;][et_pb_text _builder_version=&#8221;4.16&#8243; _module_preset=&#8221;default&#8221; header_2_font=&#8221;|600||on|||||&#8221; header_2_text_color=&#8221;#484747&#8243; header_2_letter_spacing=&#8221;2px&#8221; header_4_font=&#8221;|||on|||||&#8221; header_4_text_align=&#8221;center&#8221; header_4_font_size=&#8221;22px&#8221; custom_margin=&#8221;||10px||false|false&#8221; global_colors_info=&#8221;{}&#8221; theme_builder_area=&#8221;post_content&#8221;]<\/p>\n<h2><span style=\"color: #ffffff;\">Un Vistazo a la Historia del Tabaco<\/span><\/h2>\n<p>[\/et_pb_text][et_pb_divider divider_weight=&#8221;3px&#8221; _builder_version=&#8221;4.16&#8243; _module_preset=&#8221;default&#8221; width=&#8221;624px&#8221; custom_margin=&#8221;||0px||false|false&#8221; animation_style=&#8221;fold&#8221; animation_direction=&#8221;left&#8221; global_colors_info=&#8221;{}&#8221; theme_builder_area=&#8221;post_content&#8221;][\/et_pb_divider][et_pb_text _builder_version=&#8221;4.16&#8243; _module_preset=&#8221;default&#8221; global_colors_info=&#8221;{}&#8221; theme_builder_area=&#8221;post_content&#8221;]<\/p>\n<p><span style=\"color: #ffffff; font-size: large;\">La historia del cultivo del tabaco se remonta a varias d\u00e9cadas y siglos cuando era utilizado por los ind\u00edgenas de Am\u00e9rica para aliviar dolores y molestias. Y luego se extendi\u00f3 a nivel mundial y se convirti\u00f3 en un fen\u00f3meno social entre diferentes grupos de la sociedad, y un h\u00e1bito relacionado con las reuniones nocturnas y las reuniones juveniles.<\/span><\/p>\n<p>[\/et_pb_text][\/et_pb_column][\/et_pb_row][\/et_pb_section]<\/p>\n","protected":false},"excerpt":{"rendered":"<p>Un Mensaje del FundadorEl establecimiento de la f\u00e1brica Global de Tabaco se remonta a 2018, ubicado en Madrid, Espa\u00f1a. Fundada por una familia orientada a los negocios, que lidera la experiencia en muchos sectores diferentes, y que tiene una gran pasi\u00f3n y experiencia en la industria del tabaco de shisha. Los factores clave de la [&hellip;]<\/p>\n","protected":false},"author":1,"featured_media":0,"parent":0,"menu_order":0,"comment_status":"closed","ping_status":"closed","template":"","meta":{"_et_pb_use_builder":"on","_et_pb_old_content":"","_et_gb_content_width":"","footnotes":""},"class_list":["post-52","page","type-page","status-publish","hentry"],"_links":{"self":[{"href":"https:\/\/globaltobaccofactory.com\/es\/wp-json\/wp\/v2\/pages\/52","targetHints":{"allow":["GET"]}}],"collection":[{"href":"https:\/\/globaltobaccofactory.com\/es\/wp-json\/wp\/v2\/pages"}],"about":[{"href":"https:\/\/globaltobaccofactory.com\/es\/wp-json\/wp\/v2\/types\/page"}],"author":[{"embeddable":true,"href":"https:\/\/globaltobaccofactory.com\/es\/wp-json\/wp\/v2\/users\/1"}],"replies":[{"embeddable":true,"href":"https:\/\/globaltobaccofactory.com\/es\/wp-json\/wp\/v2\/comments?post=52"}],"version-history":[{"count":3,"href":"https:\/\/globaltobaccofactory.com\/es\/wp-json\/wp\/v2\/pages\/52\/revisions"}],"predecessor-version":[{"id":58,"href":"https:\/\/globaltobaccofactory.com\/es\/wp-json\/wp\/v2\/pages\/52\/revisions\/58"}],"wp:attachment":[{"href":"https:\/\/globaltobaccofactory.com\/es\/wp-json\/wp\/v2\/media?parent=52"}],"curies":[{"name":"wp","href":"https:\/\/api.w.org\/{rel}","templated":true}]}}